{"id":1325,"date":"2022-05-05T18:26:07","date_gmt":"2022-05-05T16:26:07","guid":{"rendered":"http:\/\/melianak.com\/?page_id=1325"},"modified":"2024-05-30T15:29:50","modified_gmt":"2024-05-30T13:29:50","slug":"mentions-legales","status":"publish","type":"page","link":"https:\/\/melianak.com\/en_us\/mentions-legales\/","title":{"rendered":"Legal Notice"},"content":{"rendered":"<div data-elementor-type=\"wp-page\" data-elementor-id=\"1325\" class=\"elementor elementor-1325\" data-elementor-post-type=\"page\">\n\t\t\t\t<div class=\"elementor-element elementor-element-18478d3 e-flex e-con-boxed e-con e-parent\" data-id=\"18478d3\" data-element_type=\"container\" data-e-type=\"container\" data-settings=\"{&quot;jet_parallax_layout_list&quot;:[]}\">\n\t\t\t\t\t<div class=\"e-con-inner\">\n\t\t\t\t<div class=\"elementor-element elementor-element-ee02b9e elementor-widget elementor-widget-heading\" data-id=\"ee02b9e\" data-element_type=\"widget\" data-e-type=\"widget\" data-widget_type=\"heading.default\">\n\t\t\t\t<div class=\"elementor-widget-container\">\n\t\t\t\t\t<h1 class=\"elementor-heading-title elementor-size-default\">Legal Notice<\/h1>\t\t\t\t<\/div>\n\t\t\t\t<\/div>\n\t\t\t\t<div class=\"elementor-element elementor-element-22d005b elementor-widget elementor-widget-text-editor\" data-id=\"22d005b\" data-element_type=\"widget\" data-e-type=\"widget\" data-widget_type=\"text-editor.default\">\n\t\t\t\t<div class=\"elementor-widget-container\">\n\t\t\t\t\t\t\t\t\t<p>Mentions l\u00e9gales du site Melianak :<\/p><p>Le site Melianak est accessible via l&#8217;url http:\/\/melianak.com<\/p><p>Editeur du site : Le site est \u00e9dit\u00e9 par Meliana k, soci\u00e9t\u00e9 dont le si\u00e8ge social est Fmtfabric, situ\u00e9 Km 11500, Route C\u00f4ti\u00e8re, N\u00b018,<br \/>SIDI BERNOUSSI \u2013 CASABLANCA \u2013 MAROC.\u00a0<\/p><p>Vous pouvez \u00e9galement contacter l&#8217;\u00e9diteur du site par e-mail \u00e0 l&#8217;adresse suivante : contact@melianak.com Publication<\/p><p>R\u00e9alisateur : Le directeur de la publication est : Fatima Kissi<\/p><p>H\u00e9bergeur du site : Le site est h\u00e9berg\u00e9 par la soci\u00e9t\u00e9 Hostinger, dont le si\u00e8ge social est situ\u00e9 \u00e0 <b>Kaunas, en Lituanie.<\/b><\/p>\t\t\t\t\t\t\t\t<\/div>\n\t\t\t\t<\/div>\n\t\t\t\t\t<\/div>\n\t\t\t\t<\/div>\n\t\t\t\t<\/div>","protected":false},"excerpt":{"rendered":"<p>Mentions l\u00e9gales Mentions l\u00e9gales du site Melianak : Le site Melianak est accessible via l&#8217;url http:\/\/melianak.com Editeur du site : Le site est \u00e9dit\u00e9 par Meliana k, soci\u00e9t\u00e9 dont le si\u00e8ge social est Fmtfabric, situ\u00e9 Km 11500, Route C\u00f4ti\u00e8re, N\u00b018,SIDI BERNOUSSI \u2013 CASABLANCA \u2013 MAROC.\u00a0 Vous pouvez \u00e9galement contacter l&#8217;\u00e9diteur du site par e-mail \u00e0 [&hellip;]<\/p>","protected":false},"author":3,"featured_media":0,"parent":0,"menu_order":0,"comment_status":"closed","ping_status":"closed","template":"","meta":{"footnotes":""},"class_list":["post-1325","page","type-page","status-publish","hentry"],"_links":{"self":[{"href":"https:\/\/melianak.com\/en_us\/wp-json\/wp\/v2\/pages\/1325","targetHints":{"allow":["GET"]}}],"collection":[{"href":"https:\/\/melianak.com\/en_us\/wp-json\/wp\/v2\/pages"}],"about":[{"href":"https:\/\/melianak.com\/en_us\/wp-json\/wp\/v2\/types\/page"}],"author":[{"embeddable":true,"href":"https:\/\/melianak.com\/en_us\/wp-json\/wp\/v2\/users\/3"}],"replies":[{"embeddable":true,"href":"https:\/\/melianak.com\/en_us\/wp-json\/wp\/v2\/comments?post=1325"}],"version-history":[{"count":14,"href":"https:\/\/melianak.com\/en_us\/wp-json\/wp\/v2\/pages\/1325\/revisions"}],"predecessor-version":[{"id":12103,"href":"https:\/\/melianak.com\/en_us\/wp-json\/wp\/v2\/pages\/1325\/revisions\/12103"}],"wp:attachment":[{"href":"https:\/\/melianak.com\/en_us\/wp-json\/wp\/v2\/media?parent=1325"}],"curies":[{"name":"wp","href":"https:\/\/api.w.org\/{rel}","templated":true}]}}