{"id":11975,"date":"2024-05-17T14:18:54","date_gmt":"2024-05-17T12:18:54","guid":{"rendered":"https:\/\/melianak.com\/?page_id=11975"},"modified":"2024-05-17T15:26:42","modified_gmt":"2024-05-17T13:26:42","slug":"wishlist","status":"publish","type":"page","link":"https:\/\/melianak.com\/en_us\/wishlist\/","title":{"rendered":"wishlist"},"content":{"rendered":"<div data-elementor-type=\"wp-page\" data-elementor-id=\"11975\" class=\"elementor elementor-11975\" data-elementor-post-type=\"page\">\n\t\t\t\t<div class=\"elementor-element elementor-element-839f06d e-flex e-con-boxed e-con e-parent\" data-id=\"839f06d\" data-element_type=\"container\" data-e-type=\"container\" data-settings=\"{&quot;jet_parallax_layout_list&quot;:[]}\">\n\t\t\t\t\t<div class=\"e-con-inner\">\n\t\t\t\t<div class=\"elementor-element elementor-element-410fbbe elementor-widget elementor-widget-heading\" data-id=\"410fbbe\" data-element_type=\"widget\" data-e-type=\"widget\" data-widget_type=\"heading.default\">\n\t\t\t\t<div class=\"elementor-widget-container\">\n\t\t\t\t\t<h1 class=\"elementor-heading-title elementor-size-default\">Wishlist<\/h1>\t\t\t\t<\/div>\n\t\t\t\t<\/div>\n\t\t\t\t\t<\/div>\n\t\t\t\t<\/div>\n\t\t<div class=\"elementor-element elementor-element-1d50d99 e-flex e-con-boxed e-con e-parent\" data-id=\"1d50d99\" data-element_type=\"container\" data-e-type=\"container\" data-settings=\"{&quot;jet_parallax_layout_list&quot;:[]}\">\n\t\t\t\t\t<div class=\"e-con-inner\">\n\t\t\t\t<div class=\"elementor-element elementor-element-14d7727 elementor-widget elementor-widget-jet-wishlist\" data-id=\"14d7727\" data-element_type=\"widget\" data-e-type=\"widget\" data-settings=\"{&quot;_animation&quot;:&quot;none&quot;}\" data-widget_type=\"jet-wishlist.default\">\n\t\t\t\t<div class=\"elementor-widget-container\">\n\t\t\t\t\t<div class=\"jet-cw jet-wishlist\">\t\t\t<div class=\"jet-wishlist__content woocommerce jet-wishlist-products--preset-9\" data-widget-type=\"jet-wishlist\" data-widget-id=\"14d7727\">\n\t\t\t\t<h5 class=\"jet-wishlist-empty\">No products were added to the wishlist.<\/h5>\n\t\t\t<\/div>\n\t\t\t<\/div>\t\t\t\t<\/div>\n\t\t\t\t<\/div>\n\t\t\t\t\t<\/div>\n\t\t\t\t<\/div>\n\t\t\t\t<\/div>","protected":false},"excerpt":{"rendered":"<p>Wishlist Par\u00e9o long fluide transparent\u00a0\u00e0 motifs l\u00e9opard &euro;28.00 Add to basket Kimono long transparent motifs l\u00e9opard &euro;39.00 Add to basket Kimono de plage long fluide vert &euro;39.00 Add to basket Kimono long fluide \u00e0 motifs roses &euro;39.00 Add to basket Par\u00e9o long d\u00e9grad\u00e9 bleu et rose &euro;28.00 Add to basket Pareo long de plage d\u00e9grad\u00e9 [&hellip;]<\/p>","protected":false},"author":5,"featured_media":0,"parent":0,"menu_order":0,"comment_status":"closed","ping_status":"closed","template":"","meta":{"footnotes":""},"class_list":["post-11975","page","type-page","status-publish","hentry"],"_links":{"self":[{"href":"https:\/\/melianak.com\/en_us\/wp-json\/wp\/v2\/pages\/11975","targetHints":{"allow":["GET"]}}],"collection":[{"href":"https:\/\/melianak.com\/en_us\/wp-json\/wp\/v2\/pages"}],"about":[{"href":"https:\/\/melianak.com\/en_us\/wp-json\/wp\/v2\/types\/page"}],"author":[{"embeddable":true,"href":"https:\/\/melianak.com\/en_us\/wp-json\/wp\/v2\/users\/5"}],"replies":[{"embeddable":true,"href":"https:\/\/melianak.com\/en_us\/wp-json\/wp\/v2\/comments?post=11975"}],"version-history":[{"count":22,"href":"https:\/\/melianak.com\/en_us\/wp-json\/wp\/v2\/pages\/11975\/revisions"}],"predecessor-version":[{"id":12041,"href":"https:\/\/melianak.com\/en_us\/wp-json\/wp\/v2\/pages\/11975\/revisions\/12041"}],"wp:attachment":[{"href":"https:\/\/melianak.com\/en_us\/wp-json\/wp\/v2\/media?parent=11975"}],"curies":[{"name":"wp","href":"https:\/\/api.w.org\/{rel}","templated":true}]}}